{"id":380,"date":"2025-07-07T16:35:25","date_gmt":"2025-07-07T14:35:25","guid":{"rendered":"http:\/\/linventeurfou.com\/?page_id=380"},"modified":"2025-10-24T15:37:52","modified_gmt":"2025-10-24T13:37:52","slug":"pourquoi-un-livre","status":"publish","type":"page","link":"https:\/\/linventeurfou.com\/index.php\/pourquoi-un-livre\/","title":{"rendered":"Pourquoi un livre ?"},"content":{"rendered":"\t\t<div data-elementor-type=\"wp-page\" data-elementor-id=\"380\" class=\"elementor elementor-380\">\n\t\t\t\t<div class=\"elementor-element elementor-element-fc54541 e-flex e-con-boxed e-con e-parent\" data-id=\"fc54541\" data-element_type=\"container\" data-e-type=\"container\">\n\t\t\t\t\t<div class=\"e-con-inner\">\n\t\t\t\t<div class=\"elementor-element elementor-element-ba30e0e elementor-widget elementor-widget-text-editor\" data-id=\"ba30e0e\" data-element_type=\"widget\" data-e-type=\"widget\" data-widget_type=\"text-editor.default\">\n\t\t\t\t<div class=\"elementor-widget-container\">\n\t\t\t\t\t\t\t\t\t<p>Parce que cette aventure m\u00e9ritait d\u2019\u00eatre racont\u00e9e.<\/p><p>Le film <strong>L\u2019Inventeur Fou<\/strong> n\u2019est pas seulement une com\u00e9die tourn\u00e9e entre amis :<br \/>c\u2019est une incroyable \u00e9pop\u00e9e humaine, faite de d\u00e9brouille, de rires, d\u2019impr\u00e9vus, de solidarit\u00e9\u2026 et de magie.<\/p><p><strong>Le livre, c\u2019est :<\/strong><\/p><ul><li><strong>Le r\u00e9cit de la gen\u00e8se du film<\/strong> : comment un d\u00e9lire entre potes devient un projet fou.<\/li><li><strong>Les coulisses du tournage<\/strong> : gal\u00e8res, improvisations, \u00e9clats de rire, entraide\u2026<\/li><li><strong>Des t\u00e9moignages<\/strong> : acteurs, spectateurs, techniciens, tous ceux qui ont vibr\u00e9 avec nous.<\/li><li><strong>Une ode \u00e0 la cr\u00e9ativit\u00e9 locale<\/strong> : nos d\u00e9cors en Gironde, nos expressions r\u00e9gionales, nos petits moyens et notre grande passion.<\/li><li><strong>Une source d\u2019inspiration<\/strong> : pour montrer que tout le monde peut cr\u00e9er, m\u00eame sans budget, quand le c\u0153ur y est.<\/li><\/ul><p><strong>Ce livre, c\u2019est notre m\u00e9moire collective.<\/strong><\/p><p>C\u2019est aussi <strong>un cadeau<\/strong> \u00e0 celles et ceux qui nous ont suivis depuis le d\u00e9but\u2026 et \u00e0 <strong>ceux qui nous d\u00e9couvriront demain<\/strong>.<\/p><div class=\"notranslate\" style=\"all: initial;\">\u00a0<\/div>\t\t\t\t\t\t\t\t<\/div>\n\t\t\t\t<\/div>\n\t\t\t\t<div class=\"elementor-element elementor-element-a898fdf elementor-widget elementor-widget-image\" data-id=\"a898fdf\" data-element_type=\"widget\" data-e-type=\"widget\" data-widget_type=\"image.default\">\n\t\t\t\t<div class=\"elementor-widget-container\">\n\t\t\t\t\t\t\t\t\t\t\t\t\t\t\t<img fetchpriority=\"high\" decoding=\"async\" width=\"1024\" height=\"736\" src=\"https:\/\/linventeurfou.com\/wp-content\/uploads\/2025\/07\/maquette-book2-pica1-1024x736.png\" class=\"attachment-large size-large wp-image-133\" alt=\"Projet cr\u00e9atif d\u2019inventeur fou et d\u2019invention farfelue, film amateur de cin\u00e9ma ind\u00e9pendant r\u00e9alis\u00e9 en Gironde \u00e0 Sainte-Eulalie.\" srcset=\"https:\/\/linventeurfou.com\/wp-content\/uploads\/2025\/07\/maquette-book2-pica1-1024x736.png 1024w, https:\/\/linventeurfou.com\/wp-content\/uploads\/2025\/07\/maquette-book2-pica1-300x216.png 300w, https:\/\/linventeurfou.com\/wp-content\/uploads\/2025\/07\/maquette-book2-pica1-768x552.png 768w, https:\/\/linventeurfou.com\/wp-content\/uploads\/2025\/07\/maquette-book2-pica1-1536x1104.png 1536w, https:\/\/linventeurfou.com\/wp-content\/uploads\/2025\/07\/maquette-book2-pica1-2048x1472.png 2048w, https:\/\/linventeurfou.com\/wp-content\/uploads\/2025\/07\/maquette-book2-pica1-600x431.png 600w\" sizes=\"(max-width: 1024px) 100vw, 1024px\" \/>\t\t\t\t\t\t\t\t\t\t\t\t\t\t\t<\/div>\n\t\t\t\t<\/div>\n\t\t\t\t\t<\/div>\n\t\t\t\t<\/div>\n\t\t\t\t<\/div>\n\t\t","protected":false},"excerpt":{"rendered":"<p>Parce que cette aventure m\u00e9ritait d\u2019\u00eatre racont\u00e9e. Le film L\u2019Inventeur Fou n\u2019est pas seulement une com\u00e9die tourn\u00e9e entre amis :c\u2019est [&hellip;]<\/p>\n","protected":false},"author":3,"featured_media":0,"parent":0,"menu_order":0,"comment_status":"closed","ping_status":"closed","template":"","meta":{"site-sidebar-layout":"no-sidebar","site-content-layout":"","ast-site-content-layout":"full-width-container","site-content-style":"default","site-sidebar-style":"default","ast-global-header-display":"","ast-banner-title-visibility":"","ast-main-header-display":"","ast-hfb-above-header-display":"","ast-hfb-below-header-display":"","ast-hfb-mobile-header-display":"","site-post-title":"disabled","ast-breadcrumbs-content":"","ast-featured-img":"disabled","footer-sml-layout":"","ast-disable-related-posts":"","theme-transparent-header-meta":"","adv-header-id-meta":"","stick-header-meta":"","header-above-stick-meta":"","header-main-stick-meta":"","header-below-stick-meta":"","astra-migrate-meta-layouts":"default","ast-page-background-enabled":"default","ast-page-background-meta":{"desktop":{"background-color":"var(--ast-global-color-5)","background-image":"","background-repeat":"repeat","background-position":"center center","background-size":"auto","background-attachment":"scroll","background-type":"","background-media":"","overlay-type":"","overlay-color":"","overlay-opacity":"","overlay-gradient":""},"tablet":{"background-color":"","background-image":"","background-repeat":"repeat","background-position":"center center","background-size":"auto","background-attachment":"scroll","background-type":"","background-media":"","overlay-type":"","overlay-color":"","overlay-opacity":"","overlay-gradient":""},"mobile":{"background-color":"","background-image":"","background-repeat":"repeat","background-position":"center center","background-size":"auto","background-attachment":"scroll","background-type":"","background-media":"","overlay-type":"","overlay-color":"","overlay-opacity":"","overlay-gradient":""}},"ast-content-background-meta":{"desktop":{"background-color":"var(--ast-global-color-4)","background-image":"","background-repeat":"repeat","background-position":"center center","background-size":"auto","background-attachment":"scroll","background-type":"","background-media":"","overlay-type":"","overlay-color":"","overlay-opacity":"","overlay-gradient":""},"tablet":{"background-color":"var(--ast-global-color-4)","background-image":"","background-repeat":"repeat","background-position":"center center","background-size":"auto","background-attachment":"scroll","background-type":"","background-media":"","overlay-type":"","overlay-color":"","overlay-opacity":"","overlay-gradient":""},"mobile":{"background-color":"var(--ast-global-color-4)","background-image":"","background-repeat":"repeat","background-position":"center center","background-size":"auto","background-attachment":"scroll","background-type":"","background-media":"","overlay-type":"","overlay-color":"","overlay-opacity":"","overlay-gradient":""}},"footnotes":""},"class_list":["post-380","page","type-page","status-publish","hentry"],"_links":{"self":[{"href":"https:\/\/linventeurfou.com\/index.php\/wp-json\/wp\/v2\/pages\/380","targetHints":{"allow":["GET"]}}],"collection":[{"href":"https:\/\/linventeurfou.com\/index.php\/wp-json\/wp\/v2\/pages"}],"about":[{"href":"https:\/\/linventeurfou.com\/index.php\/wp-json\/wp\/v2\/types\/page"}],"author":[{"embeddable":true,"href":"https:\/\/linventeurfou.com\/index.php\/wp-json\/wp\/v2\/users\/3"}],"replies":[{"embeddable":true,"href":"https:\/\/linventeurfou.com\/index.php\/wp-json\/wp\/v2\/comments?post=380"}],"version-history":[{"count":16,"href":"https:\/\/linventeurfou.com\/index.php\/wp-json\/wp\/v2\/pages\/380\/revisions"}],"predecessor-version":[{"id":1015,"href":"https:\/\/linventeurfou.com\/index.php\/wp-json\/wp\/v2\/pages\/380\/revisions\/1015"}],"wp:attachment":[{"href":"https:\/\/linventeurfou.com\/index.php\/wp-json\/wp\/v2\/media?parent=380"}],"curies":[{"name":"wp","href":"https:\/\/api.w.org\/{rel}","templated":true}]}}