{"id":534,"date":"2025-07-13T17:57:07","date_gmt":"2025-07-13T15:57:07","guid":{"rendered":"http:\/\/linventeurfou.com\/?page_id=534"},"modified":"2025-12-17T15:27:40","modified_gmt":"2025-12-17T14:27:40","slug":"media-inventeur-fou-film","status":"publish","type":"page","link":"https:\/\/linventeurfou.com\/index.php\/media-inventeur-fou-film\/","title":{"rendered":"M\u00e9dias"},"content":{"rendered":"\t\t<div data-elementor-type=\"wp-page\" data-elementor-id=\"534\" class=\"elementor elementor-534\">\n\t\t\t\t<div class=\"elementor-element elementor-element-a4bfa43 e-flex e-con-boxed e-con e-parent\" data-id=\"a4bfa43\" data-element_type=\"container\" data-e-type=\"container\">\n\t\t\t\t\t<div class=\"e-con-inner\">\n\t\t<div class=\"elementor-element elementor-element-995e3bb e-con-full e-flex e-con e-child\" data-id=\"995e3bb\" data-element_type=\"container\" data-e-type=\"container\">\n\t\t\t\t<div class=\"elementor-element elementor-element-c47d043 elementor-widget elementor-widget-heading\" data-id=\"c47d043\" data-element_type=\"widget\" data-e-type=\"widget\" data-widget_type=\"heading.default\">\n\t\t\t\t<div class=\"elementor-widget-container\">\n\t\t\t\t\t<h2 class=\"elementor-heading-title elementor-size-default\">M\u00e9dia<\/h2>\t\t\t\t<\/div>\n\t\t\t\t<\/div>\n\t\t\t\t<\/div>\n\t\t<div class=\"elementor-element elementor-element-520cc8d e-con-full e-flex e-con e-child\" data-id=\"520cc8d\" data-element_type=\"container\" data-e-type=\"container\">\n\t\t\t\t<div class=\"elementor-element elementor-element-2a81928 elementor-widget elementor-widget-heading\" data-id=\"2a81928\" data-element_type=\"widget\" data-e-type=\"widget\" data-widget_type=\"heading.default\">\n\t\t\t\t<div class=\"elementor-widget-container\">\n\t\t\t\t\t<h2 class=\"elementor-heading-title elementor-size-default\">Titre<\/h2>\t\t\t\t<\/div>\n\t\t\t\t<\/div>\n\t\t\t\t<\/div>\n\t\t<div class=\"elementor-element elementor-element-a324e6d e-con-full e-flex e-con e-child\" data-id=\"a324e6d\" data-element_type=\"container\" data-e-type=\"container\">\n\t\t\t\t<div class=\"elementor-element elementor-element-dd65967 elementor-widget elementor-widget-heading\" data-id=\"dd65967\" data-element_type=\"widget\" data-e-type=\"widget\" data-widget_type=\"heading.default\">\n\t\t\t\t<div class=\"elementor-widget-container\">\n\t\t\t\t\t<h2 class=\"elementor-heading-title elementor-size-default\">Date<\/h2>\t\t\t\t<\/div>\n\t\t\t\t<\/div>\n\t\t\t\t<\/div>\n\t\t<div class=\"elementor-element elementor-element-7c3a1f1 e-con-full e-flex e-con e-child\" data-id=\"7c3a1f1\" data-element_type=\"container\" data-e-type=\"container\">\n\t\t\t\t<div class=\"elementor-element elementor-element-a13607b elementor-widget elementor-widget-heading\" data-id=\"a13607b\" data-element_type=\"widget\" data-e-type=\"widget\" data-widget_type=\"heading.default\">\n\t\t\t\t<div class=\"elementor-widget-container\">\n\t\t\t\t\t<h3 class=\"elementor-heading-title elementor-size-default\">Sud Ouest Gironde<\/h3>\t\t\t\t<\/div>\n\t\t\t\t<\/div>\n\t\t\t\t<\/div>\n\t\t<div class=\"elementor-element elementor-element-81b83ab e-con-full e-flex e-con e-child\" data-id=\"81b83ab\" data-element_type=\"container\" data-e-type=\"container\">\n\t\t\t\t<div class=\"elementor-element elementor-element-60f4b83 elementor-widget elementor-widget-heading\" data-id=\"60f4b83\" data-element_type=\"widget\" data-e-type=\"widget\" data-widget_type=\"heading.default\">\n\t\t\t\t<div class=\"elementor-widget-container\">\n\t\t\t\t\t<h3 class=\"elementor-heading-title elementor-size-default\"><a href=\"https:\/\/www.sudouest.fr\/gironde\/yvrac\/yvrac-un-appel-est-lance-pour-l-inventeur-fou-26768397.php\" rel=\"nofollow noopener\" target=\"_blank\">Yvrac : un appel est lanc\u00e9 pour \"l'Inventeur Fou\"<\/a><\/h3>\t\t\t\t<\/div>\n\t\t\t\t<\/div>\n\t\t\t\t<\/div>\n\t\t<div class=\"elementor-element elementor-element-971768d e-con-full e-flex e-con e-child\" data-id=\"971768d\" data-element_type=\"container\" data-e-type=\"container\">\n\t\t\t\t<div class=\"elementor-element elementor-element-f66e1d2 elementor-widget elementor-widget-heading\" data-id=\"f66e1d2\" data-element_type=\"widget\" data-e-type=\"widget\" data-widget_type=\"heading.default\">\n\t\t\t\t<div class=\"elementor-widget-container\">\n\t\t\t\t\t<h3 class=\"elementor-heading-title elementor-size-default\">05\/12\/2025<\/h3>\t\t\t\t<\/div>\n\t\t\t\t<\/div>\n\t\t\t\t<\/div>\n\t\t\t\t\t<\/div>\n\t\t\t\t<\/div>\n\t\t<div class=\"elementor-element elementor-element-4cb80a2 e-flex e-con-boxed e-con e-parent\" data-id=\"4cb80a2\" data-element_type=\"container\" data-e-type=\"container\">\n\t\t\t\t\t<div class=\"e-con-inner\">\n\t\t\t\t\t<\/div>\n\t\t\t\t<\/div>\n\t\t<div class=\"elementor-element elementor-element-95fe2ab e-grid e-con-full e-con e-parent\" data-id=\"95fe2ab\" data-element_type=\"container\" data-e-type=\"container\">\n\t\t\t\t<div class=\"elementor-element elementor-element-38dc368 elementor-widget elementor-widget-heading\" data-id=\"38dc368\" data-element_type=\"widget\" data-e-type=\"widget\" data-widget_type=\"heading.default\">\n\t\t\t\t<div class=\"elementor-widget-container\">\n\t\t\t\t\t<h3 class=\"elementor-heading-title elementor-size-default\">Ici Matin Gironde<\/h3>\t\t\t\t<\/div>\n\t\t\t\t<\/div>\n\t\t\t\t<div class=\"elementor-element elementor-element-f496abb elementor-widget elementor-widget-video\" data-id=\"f496abb\" data-element_type=\"widget\" data-e-type=\"widget\" data-settings=\"{&quot;video_type&quot;:&quot;hosted&quot;,&quot;controls&quot;:&quot;yes&quot;}\" data-widget_type=\"video.default\">\n\t\t\t\t<div class=\"elementor-widget-container\">\n\t\t\t\t\t\t\t<div class=\"e-hosted-video elementor-wrapper elementor-open-inline\">\n\t\t\t\t\t<video class=\"elementor-video\" src=\"https:\/\/linventeurfou.com\/wp-content\/uploads\/2025\/12\/WhatsApp-Video-2025-09-17-at-11.03.35.mp4\" controls=\"\" preload=\"metadata\" controlsList=\"nodownload\"><\/video>\n\t\t\t\t<\/div>\n\t\t\t\t\t\t<\/div>\n\t\t\t\t<\/div>\n\t\t\t\t<div class=\"elementor-element elementor-element-41f4a21 elementor-widget elementor-widget-heading\" data-id=\"41f4a21\" data-element_type=\"widget\" data-e-type=\"widget\" data-widget_type=\"heading.default\">\n\t\t\t\t<div class=\"elementor-widget-container\">\n\t\t\t\t\t<h3 class=\"elementor-heading-title elementor-size-default\">17\/09\/2025<\/h3>\t\t\t\t<\/div>\n\t\t\t\t<\/div>\n\t\t\t\t<\/div>\n\t\t<div class=\"elementor-element elementor-element-b8cd541 e-grid e-con-boxed e-con e-parent\" data-id=\"b8cd541\" data-element_type=\"container\" data-e-type=\"container\">\n\t\t\t\t\t<div class=\"e-con-inner\">\n\t\t\t\t<div class=\"elementor-element elementor-element-5ed1846 elementor-widget elementor-widget-heading\" data-id=\"5ed1846\" data-element_type=\"widget\" data-e-type=\"widget\" data-widget_type=\"heading.default\">\n\t\t\t\t<div class=\"elementor-widget-container\">\n\t\t\t\t\t<h3 class=\"elementor-heading-title elementor-size-default\">Sud Ouest Gironde<\/h3>\t\t\t\t<\/div>\n\t\t\t\t<\/div>\n\t\t\t\t<div class=\"elementor-element elementor-element-fdd0803 elementor-widget elementor-widget-image\" data-id=\"fdd0803\" data-element_type=\"widget\" data-e-type=\"widget\" data-widget_type=\"image.default\">\n\t\t\t\t<div class=\"elementor-widget-container\">\n\t\t\t\t\t\t\t\t\t\t\t\t\t\t\t<img fetchpriority=\"high\" decoding=\"async\" width=\"688\" height=\"1024\" src=\"https:\/\/linventeurfou.com\/wp-content\/uploads\/2025\/07\/IMG-20250318-WA0060-688x1024.jpg\" class=\"attachment-large size-large wp-image-474\" alt=\"Projet cr\u00e9atif d\u2019inventeur fou et d\u2019invention farfelue, film amateur de cin\u00e9ma ind\u00e9pendant r\u00e9alis\u00e9 en Gironde \u00e0 Sainte-Eulalie.\" srcset=\"https:\/\/linventeurfou.com\/wp-content\/uploads\/2025\/07\/IMG-20250318-WA0060-688x1024.jpg 688w, https:\/\/linventeurfou.com\/wp-content\/uploads\/2025\/07\/IMG-20250318-WA0060-202x300.jpg 202w, https:\/\/linventeurfou.com\/wp-content\/uploads\/2025\/07\/IMG-20250318-WA0060-768x1143.jpg 768w, https:\/\/linventeurfou.com\/wp-content\/uploads\/2025\/07\/IMG-20250318-WA0060-600x893.jpg 600w, https:\/\/linventeurfou.com\/wp-content\/uploads\/2025\/07\/IMG-20250318-WA0060.jpg 925w\" sizes=\"(max-width: 688px) 100vw, 688px\" \/>\t\t\t\t\t\t\t\t\t\t\t\t\t\t\t<\/div>\n\t\t\t\t<\/div>\n\t\t\t\t<div class=\"elementor-element elementor-element-2c91411 elementor-widget elementor-widget-heading\" data-id=\"2c91411\" data-element_type=\"widget\" data-e-type=\"widget\" data-widget_type=\"heading.default\">\n\t\t\t\t<div class=\"elementor-widget-container\">\n\t\t\t\t\t<h3 class=\"elementor-heading-title elementor-size-default\">17\/08\/2022<\/h3>\t\t\t\t<\/div>\n\t\t\t\t<\/div>\n\t\t\t\t\t<\/div>\n\t\t\t\t<\/div>\n\t\t<div class=\"elementor-element elementor-element-17967ba e-grid e-con-boxed e-con e-parent\" data-id=\"17967ba\" data-element_type=\"container\" data-e-type=\"container\">\n\t\t\t\t\t<div class=\"e-con-inner\">\n\t\t\t\t<div class=\"elementor-element elementor-element-0ec15f5 elementor-widget elementor-widget-heading\" data-id=\"0ec15f5\" data-element_type=\"widget\" data-e-type=\"widget\" data-widget_type=\"heading.default\">\n\t\t\t\t<div class=\"elementor-widget-container\">\n\t\t\t\t\t<h3 class=\"elementor-heading-title elementor-size-default\">Sud Ouest Gironde<\/h3>\t\t\t\t<\/div>\n\t\t\t\t<\/div>\n\t\t\t\t<div class=\"elementor-element elementor-element-ca8363a elementor-widget elementor-widget-image\" data-id=\"ca8363a\" data-element_type=\"widget\" data-e-type=\"widget\" data-widget_type=\"image.default\">\n\t\t\t\t<div class=\"elementor-widget-container\">\n\t\t\t\t\t\t\t\t\t\t\t\t\t\t\t<img decoding=\"async\" width=\"863\" height=\"1024\" src=\"https:\/\/linventeurfou.com\/wp-content\/uploads\/2025\/07\/IMG-20250318-WA0061-863x1024.jpg\" class=\"attachment-large size-large wp-image-475\" alt=\"Projet cr\u00e9atif d\u2019inventeur fou et d\u2019invention farfelue, film amateur de cin\u00e9ma ind\u00e9pendant r\u00e9alis\u00e9 en Gironde \u00e0 Sainte-Eulalie.\" srcset=\"https:\/\/linventeurfou.com\/wp-content\/uploads\/2025\/07\/IMG-20250318-WA0061-863x1024.jpg 863w, https:\/\/linventeurfou.com\/wp-content\/uploads\/2025\/07\/IMG-20250318-WA0061-253x300.jpg 253w, https:\/\/linventeurfou.com\/wp-content\/uploads\/2025\/07\/IMG-20250318-WA0061-768x911.jpg 768w, https:\/\/linventeurfou.com\/wp-content\/uploads\/2025\/07\/IMG-20250318-WA0061-600x712.jpg 600w, https:\/\/linventeurfou.com\/wp-content\/uploads\/2025\/07\/IMG-20250318-WA0061.jpg 906w\" sizes=\"(max-width: 863px) 100vw, 863px\" \/>\t\t\t\t\t\t\t\t\t\t\t\t\t\t\t<\/div>\n\t\t\t\t<\/div>\n\t\t\t\t<div class=\"elementor-element elementor-element-ec869c5 elementor-widget elementor-widget-heading\" data-id=\"ec869c5\" data-element_type=\"widget\" data-e-type=\"widget\" data-widget_type=\"heading.default\">\n\t\t\t\t<div class=\"elementor-widget-container\">\n\t\t\t\t\t<h3 class=\"elementor-heading-title elementor-size-default\">22\/08\/2022<\/h3>\t\t\t\t<\/div>\n\t\t\t\t<\/div>\n\t\t\t\t\t<\/div>\n\t\t\t\t<\/div>\n\t\t\t\t<\/div>\n\t\t","protected":false},"excerpt":{"rendered":"<p>M\u00e9dia Titre Date Sud Ouest Gironde Yvrac : un appel est lanc\u00e9 pour \u00ab\u00a0l&rsquo;Inventeur Fou\u00a0\u00bb 05\/12\/2025 Ici Matin Gironde https:\/\/linventeurfou.com\/wp-content\/uploads\/2025\/12\/WhatsApp-Video-2025-09-17-at-11.03.35.mp4 [&hellip;]<\/p>\n","protected":false},"author":3,"featured_media":0,"parent":0,"menu_order":0,"comment_status":"closed","ping_status":"closed","template":"","meta":{"site-sidebar-layout":"no-sidebar","site-content-layout":"","ast-site-content-layout":"full-width-container","site-content-style":"default","site-sidebar-style":"default","ast-global-header-display":"","ast-banner-title-visibility":"","ast-main-header-display":"","ast-hfb-above-header-display":"","ast-hfb-below-header-display":"","ast-hfb-mobile-header-display":"","site-post-title":"disabled","ast-breadcrumbs-content":"","ast-featured-img":"disabled","footer-sml-layout":"","ast-disable-related-posts":"","theme-transparent-header-meta":"","adv-header-id-meta":"","stick-header-meta":"","header-above-stick-meta":"","header-main-stick-meta":"","header-below-stick-meta":"","astra-migrate-meta-layouts":"default","ast-page-background-enabled":"default","ast-page-background-meta":{"desktop":{"background-color":"var(--ast-global-color-5)","background-image":"","background-repeat":"repeat","background-position":"center center","background-size":"auto","background-attachment":"scroll","background-type":"","background-media":"","overlay-type":"","overlay-color":"","overlay-opacity":"","overlay-gradient":""},"tablet":{"background-color":"","background-image":"","background-repeat":"repeat","background-position":"center center","background-size":"auto","background-attachment":"scroll","background-type":"","background-media":"","overlay-type":"","overlay-color":"","overlay-opacity":"","overlay-gradient":""},"mobile":{"background-color":"","background-image":"","background-repeat":"repeat","background-position":"center center","background-size":"auto","background-attachment":"scroll","background-type":"","background-media":"","overlay-type":"","overlay-color":"","overlay-opacity":"","overlay-gradient":""}},"ast-content-background-meta":{"desktop":{"background-color":"var(--ast-global-color-4)","background-image":"","background-repeat":"repeat","background-position":"center center","background-size":"auto","background-attachment":"scroll","background-type":"","background-media":"","overlay-type":"","overlay-color":"","overlay-opacity":"","overlay-gradient":""},"tablet":{"background-color":"var(--ast-global-color-4)","background-image":"","background-repeat":"repeat","background-position":"center center","background-size":"auto","background-attachment":"scroll","background-type":"","background-media":"","overlay-type":"","overlay-color":"","overlay-opacity":"","overlay-gradient":""},"mobile":{"background-color":"var(--ast-global-color-4)","background-image":"","background-repeat":"repeat","background-position":"center center","background-size":"auto","background-attachment":"scroll","background-type":"","background-media":"","overlay-type":"","overlay-color":"","overlay-opacity":"","overlay-gradient":""}},"footnotes":""},"class_list":["post-534","page","type-page","status-publish","hentry"],"_links":{"self":[{"href":"https:\/\/linventeurfou.com\/index.php\/wp-json\/wp\/v2\/pages\/534","targetHints":{"allow":["GET"]}}],"collection":[{"href":"https:\/\/linventeurfou.com\/index.php\/wp-json\/wp\/v2\/pages"}],"about":[{"href":"https:\/\/linventeurfou.com\/index.php\/wp-json\/wp\/v2\/types\/page"}],"author":[{"embeddable":true,"href":"https:\/\/linventeurfou.com\/index.php\/wp-json\/wp\/v2\/users\/3"}],"replies":[{"embeddable":true,"href":"https:\/\/linventeurfou.com\/index.php\/wp-json\/wp\/v2\/comments?post=534"}],"version-history":[{"count":45,"href":"https:\/\/linventeurfou.com\/index.php\/wp-json\/wp\/v2\/pages\/534\/revisions"}],"predecessor-version":[{"id":1276,"href":"https:\/\/linventeurfou.com\/index.php\/wp-json\/wp\/v2\/pages\/534\/revisions\/1276"}],"wp:attachment":[{"href":"https:\/\/linventeurfou.com\/index.php\/wp-json\/wp\/v2\/media?parent=534"}],"curies":[{"name":"wp","href":"https:\/\/api.w.org\/{rel}","templated":true}]}}